{"id":216,"date":"2015-06-17T12:59:18","date_gmt":"2015-06-17T09:59:18","guid":{"rendered":"https:\/\/napoli.foxthemes.me\/?page_id=216"},"modified":"2023-10-03T12:00:07","modified_gmt":"2023-10-03T12:00:07","slug":"contacts","status":"publish","type":"page","link":"https:\/\/www.murathaner.com\/?page_id=216","title":{"rendered":"Contacts"},"content":{"rendered":"<section class=\"wpb-content-wrapper\"><p>[vc_row][vc_column][vc_separator color=&#8221;black&#8221; border_width=&#8221;5&#8243;][\/vc_column][\/vc_row][vc_row desctop_mb=&#8221;margin-lg-40b&#8221;][vc_column width=&#8221;1\/3&#8243;][vc_column_text]<strong>Adress:<\/strong><\/p>\n<p>Atat\u00fcrk \u00dcniversitesi, G\u00fczel Sanatlar Fak\u00fcltesi, Foto\u011fraf B\u00f6l\u00fcm\u00fc<\/p>\n<p>Erzurum, Yakutiye \/ T\u00fcrkiye[\/vc_column_text][\/vc_column][vc_column width=&#8221;1\/3&#8243;][vc_column_text]<strong>Mail:<\/strong><\/p>\n<p><a href=\"mailto:murathan_er_@hotmail.com\">murathan_er_@hotmail.com<\/a><\/p>\n<p><a href=\"mailto:murathan.er@atauni.edu.tr\">murathan.er@atauni.edu.tr<\/a><\/p>\n<p><a href=\"mailto:ermurathan@gmail.com\">ermurathan@gmail.com<\/a>[\/vc_column_text][\/vc_column][vc_column width=&#8221;1\/3&#8243;][vc_column_text]<strong>Phone Number:<\/strong><\/p>\n<p><a href=\"tel:+90 442 231 5152\">+90 442 231 5152<\/a><\/p>\n<p><a href=\"tel:+90 442 231 5152\">+90 442 231 5152<\/a>[\/vc_column_text][\/vc_column][\/vc_row][vc_row][vc_column][vc_separator color=&#8221;black&#8221; border_width=&#8221;5&#8243;][vc_gmaps link=&#8221;#E-8_JTNDaWZyYW1lJTIwc3JjJTNEJTIyaHR0cHMlM0ElMkYlMkZ3d3cuZ29vZ2xlLmNvbSUyRm1hcHMlMkZlbWJlZCUzRnBiJTNEJTIxMW0xOCUyMTFtMTIlMjExbTMlMjExZDMwNjEuMDYzNTk3NDkzMTUzJTIxMmQ0MS4yMzUxNTE1NzU5ODUyNCUyMTNkMzkuODk1MjA4MzcxNTI4MTglMjEybTMlMjExZjAlMjEyZjAlMjEzZjAlMjEzbTIlMjExaTEwMjQlMjEyaTc2OCUyMTRmMTMuMSUyMTNtMyUyMTFtMiUyMTFzMHg0MDZlNWVlODU1MjEyZThiJTI1M0EweDZlMTZlNWFmNzk4Yjk0NGYlMjEyc0F0YXQlMjVDMyUyNUJDcmslMjUyMCUyNUMzJTI1OUNuaXZlcnNpdGVzaSUyNTIwRyUyNUMzJTI1QkN6ZWwlMjUyMFNhbmF0bGFyJTI1MjBGYWslMjVDMyUyNUJDbHRlc2klMjE1ZTAlMjEzbTIlMjExc3RyJTIxMnN0ciUyMTR2MTY5NjMzMzExMTk2MCUyMTVtMiUyMTFzdHIlMjEyc3RyJTIyJTIwd2lkdGglM0QlMjI2MDAlMjIlMjBoZWlnaHQlM0QlMjI0NTAlMjIlMjBzdHlsZSUzRCUyMmJvcmRlciUzQTAlM0IlMjIlMjBhbGxvd2Z1bGxzY3JlZW4lM0QlMjIlMjIlMjBsb2FkaW5nJTNEJTIybGF6eSUyMiUyMHJlZmVycmVycG9saWN5JTNEJTIybm8tcmVmZXJyZXItd2hlbi1kb3duZ3JhZGUlMjIlM0UlM0MlMkZpZnJhbWUlM0U=&#8221;][\/vc_column][\/vc_row]<\/p>\n<\/section>","protected":false},"excerpt":{"rendered":"<p>[vc_row][vc_column][vc_separator color=&#8221;black&#8221; border_width=&#8221;5&#8243;][\/vc_column][\/vc_row][vc_row desctop_mb=&#8221;margin-lg-40b&#8221;][vc_column width=&#8221;1\/3&#8243;][vc_column_text]Adress: Atat\u00fcrk \u00dcniversitesi, G\u00fczel Sanatlar Fak\u00fcltesi, Foto\u011fraf B\u00f6l\u00fcm\u00fc Erzurum, Yakutiye \/ T\u00fcrkiye[\/vc_column_text][\/vc_column][vc_column width=&#8221;1\/3&#8243;][vc_column_text]Mail: murathan_er_@hotmail.com murathan.er@atauni.edu.tr ermurathan@gmail.com[\/vc_column_text][\/vc_column][vc_column width=&#8221;1\/3&#8243;][vc_column_text]Phone Number: +90 442 231 5152 +90 442 231 5152[\/vc_column_text][\/vc_column][\/vc_row][vc_row][vc_column][vc_separator color=&#8221;black&#8221; border_width=&#8221;5&#8243;][vc_gmaps link=&#8221;#E-8_JTNDaWZyYW1lJTIwc3JjJTNEJTIyaHR0cHMlM0ElMkYlMkZ3d3cuZ29vZ2xlLmNvbSUyRm1hcHMlMkZlbWJlZCUzRnBiJTNEJTIxMW0xOCUyMTFtMTIlMjExbTMlMjExZDMwNjEuMDYzNTk3NDkzMTUzJTIxMmQ0MS4yMzUxNTE1NzU5ODUyNCUyMTNkMzkuODk1MjA4MzcxNTI4MTglMjEybTMlMjExZjAlMjEyZjAlMjEzZjAlMjEzbTIlMjExaTEwMjQlMjEyaTc2OCUyMTRmMTMuMSUyMTNtMyUyMTFtMiUyMTFzMHg0MDZlNWVlODU1MjEyZThiJTI1M0EweDZlMTZlNWFmNzk4Yjk0NGYlMjEyc0F0YXQlMjVDMyUyNUJDcmslMjUyMCUyNUMzJTI1OUNuaXZlcnNpdGVzaSUyNTIwRyUyNUMzJTI1QkN6ZWwlMjUyMFNhbmF0bGFyJTI1MjBGYWslMjVDMyUyNUJDbHRlc2klMjE1ZTAlMjEzbTIlMjExc3RyJTIxMnN0ciUyMTR2MTY5NjMzMzExMTk2MCUyMTVtMiUyMTFzdHIlMjEyc3RyJTIyJTIwd2lkdGglM0QlMjI2MDAlMjIlMjBoZWlnaHQlM0QlMjI0NTAlMjIlMjBzdHlsZSUzRCUyMmJvcmRlciUzQTAlM0IlMjIlMjBhbGxvd2Z1bGxzY3JlZW4lM0QlMjIlMjIlMjBsb2FkaW5nJTNEJTIybGF6eSUyMiUyMHJlZmVycmVycG9saWN5JTNEJTIybm8tcmVmZXJyZXItd2hlbi1kb3duZ3JhZGUlMjIlM0UlM0MlMkZpZnJhbWUlM0U=&#8221;][\/vc_column][\/vc_row]<\/p>\n","protected":false},"author":1,"featured_media":0,"parent":0,"menu_order":4,"comment_status":"closed","ping_status":"closed","template":"","meta":{"footnotes":""},"class_list":["post-216","page","type-page","status-publish","hentry"],"_links":{"self":[{"href":"https:\/\/www.murathaner.com\/index.php?rest_route=\/wp\/v2\/pages\/216","targetHints":{"allow":["GET"]}}],"collection":[{"href":"https:\/\/www.murathaner.com\/index.php?rest_route=\/wp\/v2\/pages"}],"about":[{"href":"https:\/\/www.murathaner.com\/index.php?rest_route=\/wp\/v2\/types\/page"}],"author":[{"embeddable":true,"href":"https:\/\/www.murathaner.com\/index.php?rest_route=\/wp\/v2\/users\/1"}],"replies":[{"embeddable":true,"href":"https:\/\/www.murathaner.com\/index.php?rest_route=%2Fwp%2Fv2%2Fcomments&post=216"}],"version-history":[{"count":21,"href":"https:\/\/www.murathaner.com\/index.php?rest_route=\/wp\/v2\/pages\/216\/revisions"}],"predecessor-version":[{"id":3953,"href":"https:\/\/www.murathaner.com\/index.php?rest_route=\/wp\/v2\/pages\/216\/revisions\/3953"}],"wp:attachment":[{"href":"https:\/\/www.murathaner.com\/index.php?rest_route=%2Fwp%2Fv2%2Fmedia&parent=216"}],"curies":[{"name":"wp","href":"https:\/\/api.w.org\/{rel}","templated":true}]}}