{"id":490,"date":"2016-08-31T11:19:38","date_gmt":"2016-08-31T08:19:38","guid":{"rendered":"https:\/\/napoli.foxthemes.me\/?page_id=490"},"modified":"2023-10-02T22:56:14","modified_gmt":"2023-10-02T22:56:14","slug":"about-me","status":"publish","type":"page","link":"https:\/\/www.murathaner.com\/?page_id=490","title":{"rendered":"About Me"},"content":{"rendered":"<section class=\"wpb-content-wrapper\"><p>[vc_row equal_height=&#8221;yes&#8221; desctop_mb=&#8221;margin-lg-70b&#8221; tablets_mb=&#8221;margin-sm-45b&#8221; mobile_mb=&#8221;margin-xs-30b&#8221; tablets_pt=&#8221;padding-sm-30t&#8221; mobile_pt=&#8221;padding-xs-0t&#8221; css=&#8221;.vc_custom_1478269944670{padding-right: 0px !important;padding-bottom: 0px !important;padding-left: 0px !important;background-color: #f2f2f2 !important;}&#8221;][vc_column mobile_mb=&#8221;margin-xs-20b&#8221; offset=&#8221;vc_col-lg-5 vc_col-md-6 vc_col-xs-12&#8243; css=&#8221;.vc_custom_1477410452401{margin-bottom: 0px !important;padding-top: 0px !important;padding-right: 0px !important;padding-bottom: 0px !important;padding-left: 0px !important;}&#8221;][vc_single_image image=&#8221;3892&#8243; img_size=&#8221;full&#8221; alignment=&#8221;center&#8221; css=&#8221;.vc_custom_1696286378782{margin-bottom: 0px !important;}&#8221;][\/vc_column][vc_column offset=&#8221;vc_col-lg-7 vc_col-md-6 vc_col-xs-12&#8243; css=&#8221;.vc_custom_1477410464211{padding-top: 0px !important;padding-right: 0px !important;padding-bottom: 0px !important;padding-left: 0px !important;}&#8221;][napoli_custom_text_block title=&#8221;Murat Han ER&#8221;]Eserlerinde, dijital foto\u011fraf ve alternatif foto\u011fraf<br \/>\nbask\u0131 tekniklerini kullanan foto\u011fraf sanat\u00e7\u0131s\u0131;<br \/>\nolu\u015fturdu\u011fu foto\u011fraf d\u00fczlemini g\u00fcnl\u00fck, s\u0131radan<br \/>\nmalzemelerle bulu\u015fturarak, i\u00e7erik ve bi\u00e7im aras\u0131nda<br \/>\n\u0131srarc\u0131 anlamlar olu\u015fturmaktad\u0131r. \u00c7al\u0131\u015fmalar\u0131na<br \/>\n\u0130stanbul\u2019da devam etmektedir.<\/p>\n<p>2010 Mimar Sinan G\u00fczel Sanatlar \u00dcniversitesi,<br \/>\nSosyal Bilimler Enstit\u00fcs\u00fc, Foto\u011fraf B\u00f6l\u00fcm\u00fc ,<br \/>\n\u0130stanbul (Sanatta Yeterlilik (Devam Etmekte.)<br \/>\n2009 Atat\u00fcrk Universitesi, G\u00fczel Sanatlar Fak\u00fcltesi,<br \/>\nFoto\u011fraf B\u00f6l\u00fcm\u00fc (Y.Lisans)<br \/>\n2003 Atat\u00fcrk Universitesi, Sosyal Bilimler Enstit\u00fcs\u00fc<br \/>\n, Grafik B\u00f6l\u00fcm\u00fc (Lisans)<br \/>\n\u2018Ben\u2019, Tophane-i Amire Sanat Galerisi<br \/>\nve K\u00fclt\u00fcr Merkezi, \u0130stanbul,T\u00fcrkiye 2014<br \/>\nInternational Art Festival,Honorable Mention,<br \/>\n2014<br \/>\nNext New Photographic Visions,<br \/>\nCastell Photography Galeri, Kuzey Carolina,<br \/>\nABD, 2013<br \/>\nMamut Art Project, Antrepo 3, \u0130stanbul, T\u00fcrkiye,<br \/>\n2013<br \/>\nPhotokina World Of Imaging, (Mimar Sinan<br \/>\nG\u00fczel Sanatlar \u00dcniversitesi, Foto\u011fraf B\u00f6l\u00fcm\u00fc,<br \/>\nExhibition-Best School Contest Winner) \u2018Human\u2019,\u201c<br \/>\nInner Wound\u201d K\u00f6ln, Almanya,2012<br \/>\n3.Uluslararas\u0131 Antakya Bienali, Antakya, T\u00fcrkiye,<br \/>\n2012 Plovdiv International Photography Festival,<br \/>\nPlovdiv, Bulgaristan,2013[\/napoli_custom_text_block][\/vc_column][\/vc_row][vc_row desctop_mb=&#8221;margin-lg-40b&#8221; mobile_mb=&#8221;margin-xs-15b&#8221;][vc_column][napoli_instagram username=&#8221;murathaner&#8221; count=&#8221;6&#8243; title=&#8221;Instagram;&#8221;][\/vc_column][\/vc_row]<\/p>\n<\/section>","protected":false},"excerpt":{"rendered":"<p>[vc_row equal_height=&#8221;yes&#8221; desctop_mb=&#8221;margin-lg-70b&#8221; tablets_mb=&#8221;margin-sm-45b&#8221; mobile_mb=&#8221;margin-xs-30b&#8221; tablets_pt=&#8221;padding-sm-30t&#8221; mobile_pt=&#8221;padding-xs-0t&#8221; css=&#8221;.vc_custom_1478269944670{padding-right: 0px !important;padding-bottom: 0px !important;padding-left: 0px !important;background-color: #f2f2f2 !important;}&#8221;][vc_column mobile_mb=&#8221;margin-xs-20b&#8221; offset=&#8221;vc_col-lg-5 vc_col-md-6 vc_col-xs-12&#8243; css=&#8221;.vc_custom_1477410452401{margin-bottom: 0px !important;padding-top: 0px !important;padding-right: 0px !important;padding-bottom: 0px !important;padding-left: 0px !important;}&#8221;][vc_single_image image=&#8221;3892&#8243; img_size=&#8221;full&#8221; alignment=&#8221;center&#8221; css=&#8221;.vc_custom_1696286378782{margin-bottom: 0px !important;}&#8221;][\/vc_column][vc_column offset=&#8221;vc_col-lg-7 vc_col-md-6 vc_col-xs-12&#8243; css=&#8221;.vc_custom_1477410464211{padding-top: 0px !important;padding-right: 0px !important;padding-bottom: 0px !important;padding-left: 0px !important;}&#8221;][napoli_custom_text_block title=&#8221;Murat Han ER&#8221;]Eserlerinde, dijital foto\u011fraf ve [&hellip;]<\/p>\n","protected":false},"author":1,"featured_media":0,"parent":0,"menu_order":0,"comment_status":"closed","ping_status":"closed","template":"","meta":{"footnotes":""},"class_list":["post-490","page","type-page","status-publish","hentry"],"_links":{"self":[{"href":"https:\/\/www.murathaner.com\/index.php?rest_route=\/wp\/v2\/pages\/490","targetHints":{"allow":["GET"]}}],"collection":[{"href":"https:\/\/www.murathaner.com\/index.php?rest_route=\/wp\/v2\/pages"}],"about":[{"href":"https:\/\/www.murathaner.com\/index.php?rest_route=\/wp\/v2\/types\/page"}],"author":[{"embeddable":true,"href":"https:\/\/www.murathaner.com\/index.php?rest_route=\/wp\/v2\/users\/1"}],"replies":[{"embeddable":true,"href":"https:\/\/www.murathaner.com\/index.php?rest_route=%2Fwp%2Fv2%2Fcomments&post=490"}],"version-history":[{"count":7,"href":"https:\/\/www.murathaner.com\/index.php?rest_route=\/wp\/v2\/pages\/490\/revisions"}],"predecessor-version":[{"id":3899,"href":"https:\/\/www.murathaner.com\/index.php?rest_route=\/wp\/v2\/pages\/490\/revisions\/3899"}],"wp:attachment":[{"href":"https:\/\/www.murathaner.com\/index.php?rest_route=%2Fwp%2Fv2%2Fmedia&parent=490"}],"curies":[{"name":"wp","href":"https:\/\/api.w.org\/{rel}","templated":true}]}}