{"id":960,"date":"2016-10-31T12:22:12","date_gmt":"2016-10-31T12:22:12","guid":{"rendered":"https:\/\/napoli.foxthemes.me\/?page_id=960"},"modified":"2023-10-25T12:53:31","modified_gmt":"2023-10-25T12:53:31","slug":"full-width-gallery","status":"publish","type":"page","link":"https:\/\/www.murathaner.com\/?page_id=960","title":{"rendered":"Photo Works Gallery"},"content":{"rendered":"<section class=\"wpb-content-wrapper\"><p>[vc_row][vc_column][vc_gallery type=&#8221;image_grid&#8221; images=&#8221;3964,3963,3962,3961,3960,3959&#8243; title=&#8221;D\u00f6n\u00fc\u015f\u00fcm \/ Reanimation, 2011&#8243;][\/vc_column][\/vc_row][vc_row][vc_column][vc_gallery type=&#8221;image_grid&#8221; images=&#8221;3986,3987,3988,3989,3990,3991,3992,3993,3994,3995,3996,3997&#8243; title=&#8221;\u0130\u00e7sel Yara \/ Inner Wounds, 2011&#8243;][\/vc_column][\/vc_row][vc_row][vc_column][vc_gallery type=&#8221;image_grid&#8221; images=&#8221;4003,4004,4013,4011,4012,4005,4007,4008,4006&#8243; title=&#8221;Sanat\u00e7\u0131 K\u0131zam\u0131\u011f\u0131 \/ Artist Measles, 2014&#8243;][\/vc_column][\/vc_row][vc_row][vc_column][vc_gallery type=&#8221;image_grid&#8221; images=&#8221;4041,4042,4043,4044,4045,4074&#8243; title=&#8221;Neyin Temizli\u011fi Bu? \/ What Do They Clean For?, 2015&#8243;][\/vc_column][\/vc_row][vc_row][vc_column][vc_gallery type=&#8221;image_grid&#8221; images=&#8221;4135,4136,4137,4138,4139,4140,4141,4142,4143,4144,4145,4146,4147,4148,4149,4150&#8243; title=&#8221;G\u00fcvenli G\u00fcvensiz \/ Insecure Secure, 2014&#8243;][\/vc_column][\/vc_row][vc_row][vc_column][vc_gallery type=&#8221;image_grid&#8221; images=&#8221;4104,4103,4102,4101&#8243; title=&#8221;Kesme Tahtas\u0131 \/ Cutten Board, 2015&#8243;][\/vc_column][\/vc_row][vc_row][vc_column][vc_gallery type=&#8221;image_grid&#8221; images=&#8221;4154,4155,4156,4157,4158,4159,4160,4161&#8243; title=&#8221;Mavi Seri \/ Blue Series, 2017&#8243;][\/vc_column][\/vc_row][vc_row][vc_column][vc_gallery type=&#8221;image_grid&#8221; images=&#8221;4164,4165,4166,4167,4168&#8243; title=&#8221;Saklama \/ Storing, 2016&#8243;][\/vc_column][\/vc_row]<\/p>\n<\/section>","protected":false},"excerpt":{"rendered":"<p>[vc_row][vc_column][vc_gallery type=&#8221;image_grid&#8221; images=&#8221;3964,3963,3962,3961,3960,3959&#8243; title=&#8221;D\u00f6n\u00fc\u015f\u00fcm \/ Reanimation, 2011&#8243;][\/vc_column][\/vc_row][vc_row][vc_column][vc_gallery type=&#8221;image_grid&#8221; images=&#8221;3986,3987,3988,3989,3990,3991,3992,3993,3994,3995,3996,3997&#8243; title=&#8221;\u0130\u00e7sel Yara \/ Inner Wounds, 2011&#8243;][\/vc_column][\/vc_row][vc_row][vc_column][vc_gallery type=&#8221;image_grid&#8221; images=&#8221;4003,4004,4013,4011,4012,4005,4007,4008,4006&#8243; title=&#8221;Sanat\u00e7\u0131 K\u0131zam\u0131\u011f\u0131 \/ Artist Measles, 2014&#8243;][\/vc_column][\/vc_row][vc_row][vc_column][vc_gallery type=&#8221;image_grid&#8221; images=&#8221;4041,4042,4043,4044,4045,4074&#8243; title=&#8221;Neyin Temizli\u011fi Bu? \/ What Do They Clean For?, 2015&#8243;][\/vc_column][\/vc_row][vc_row][vc_column][vc_gallery type=&#8221;image_grid&#8221; images=&#8221;4135,4136,4137,4138,4139,4140,4141,4142,4143,4144,4145,4146,4147,4148,4149,4150&#8243; title=&#8221;G\u00fcvenli G\u00fcvensiz \/ Insecure Secure, 2014&#8243;][\/vc_column][\/vc_row][vc_row][vc_column][vc_gallery type=&#8221;image_grid&#8221; images=&#8221;4104,4103,4102,4101&#8243; title=&#8221;Kesme Tahtas\u0131 \/ Cutten Board, 2015&#8243;][\/vc_column][\/vc_row][vc_row][vc_column][vc_gallery type=&#8221;image_grid&#8221; images=&#8221;4154,4155,4156,4157,4158,4159,4160,4161&#8243; title=&#8221;Mavi Seri [&hellip;]<\/p>\n","protected":false},"author":1,"featured_media":0,"parent":0,"menu_order":0,"comment_status":"closed","ping_status":"closed","template":"","meta":{"footnotes":""},"class_list":["post-960","page","type-page","status-publish","hentry"],"_links":{"self":[{"href":"https:\/\/www.murathaner.com\/index.php?rest_route=\/wp\/v2\/pages\/960","targetHints":{"allow":["GET"]}}],"collection":[{"href":"https:\/\/www.murathaner.com\/index.php?rest_route=\/wp\/v2\/pages"}],"about":[{"href":"https:\/\/www.murathaner.com\/index.php?rest_route=\/wp\/v2\/types\/page"}],"author":[{"embeddable":true,"href":"https:\/\/www.murathaner.com\/index.php?rest_route=\/wp\/v2\/users\/1"}],"replies":[{"embeddable":true,"href":"https:\/\/www.murathaner.com\/index.php?rest_route=%2Fwp%2Fv2%2Fcomments&post=960"}],"version-history":[{"count":31,"href":"https:\/\/www.murathaner.com\/index.php?rest_route=\/wp\/v2\/pages\/960\/revisions"}],"predecessor-version":[{"id":4169,"href":"https:\/\/www.murathaner.com\/index.php?rest_route=\/wp\/v2\/pages\/960\/revisions\/4169"}],"wp:attachment":[{"href":"https:\/\/www.murathaner.com\/index.php?rest_route=%2Fwp%2Fv2%2Fmedia&parent=960"}],"curies":[{"name":"wp","href":"https:\/\/api.w.org\/{rel}","templated":true}]}}